{"id":29,"date":"2013-06-21T16:21:35","date_gmt":"2013-06-21T14:21:35","guid":{"rendered":"http:\/\/erlebnis-team.com\/wordpress\/?page_id=29"},"modified":"2013-12-15T13:42:12","modified_gmt":"2013-12-15T11:42:12","slug":"programme-und-kurse","status":"publish","type":"page","link":"http:\/\/erlebnis-team.com\/?page_id=29","title":{"rendered":"Programme und Kurse"},"content":{"rendered":"<p>Das Erlebnisteam ist Anbieter erlebnisp\u00e4dagogischer Ma\u00dfnahmen und freizeitp\u00e4dagogischer Angebote. Nach Absprache mit unseren Kunden, setzen wir unsere Programme in einen passenden Kontext.<\/p>\n<p><a href=\"http:\/\/erlebnis-team.com\/wp-content\/uploads\/2013\/06\/Teamtage.mpg\">Teamtage<\/a><\/p>\n<p>&nbsp;<\/p>\n","protected":false},"excerpt":{"rendered":"<p>Das Erlebnisteam ist Anbieter erlebnisp\u00e4dagogischer Ma\u00dfnahmen und freizeitp\u00e4dagogischer Angebote. Nach Absprache mit unseren Kunden, setzen wir unsere Programme in einen passenden Kontext. Teamtage &nbsp;<\/p>\n","protected":false},"author":2,"featured_media":0,"parent":0,"menu_order":0,"comment_status":"closed","ping_status":"closed","template":"","meta":[],"_links":{"self":[{"href":"http:\/\/erlebnis-team.com\/index.php?rest_route=\/wp\/v2\/pages\/29"}],"collection":[{"href":"http:\/\/erlebnis-team.com\/index.php?rest_route=\/wp\/v2\/pages"}],"about":[{"href":"http:\/\/erlebnis-team.com\/index.php?rest_route=\/wp\/v2\/types\/page"}],"author":[{"embeddable":true,"href":"http:\/\/erlebnis-team.com\/index.php?rest_route=\/wp\/v2\/users\/2"}],"replies":[{"embeddable":true,"href":"http:\/\/erlebnis-team.com\/index.php?rest_route=%2Fwp%2Fv2%2Fcomments&post=29"}],"version-history":[{"count":7,"href":"http:\/\/erlebnis-team.com\/index.php?rest_route=\/wp\/v2\/pages\/29\/revisions"}],"predecessor-version":[{"id":214,"href":"http:\/\/erlebnis-team.com\/index.php?rest_route=\/wp\/v2\/pages\/29\/revisions\/214"}],"wp:attachment":[{"href":"http:\/\/erlebnis-team.com\/index.php?rest_route=%2Fwp%2Fv2%2Fmedia&parent=29"}],"curies":[{"name":"wp","href":"https:\/\/api.w.org\/{rel}","templated":true}]}}