{"id":141,"date":"2013-08-18T15:54:59","date_gmt":"2013-08-18T13:54:59","guid":{"rendered":"http:\/\/erlebnis-team.com\/?page_id=141"},"modified":"2022-10-03T20:34:25","modified_gmt":"2022-10-03T18:34:25","slug":"kinder-jugendarbeit","status":"publish","type":"page","link":"http:\/\/erlebnis-team.com\/?page_id=141","title":{"rendered":"Kindergeburtstage"},"content":{"rendered":"<p>&nbsp;<\/p>\n<h1 style=\"text-align: left;\"><span style=\"color: #800000;\">Kindergeburtstage<\/span><\/h1>\n<p><a href=\"http:\/\/erlebnis-team.com\/wp-content\/uploads\/2013\/08\/FILE0019.jpg\"><img decoding=\"async\" loading=\"lazy\" class=\"alignnone size-medium wp-image-173\" src=\"http:\/\/erlebnis-team.com\/wp-content\/uploads\/2013\/08\/FILE0019-300x225.jpg\" alt=\"DCIM100MEDIA\" width=\"300\" height=\"225\" srcset=\"http:\/\/erlebnis-team.com\/wp-content\/uploads\/2013\/08\/FILE0019-300x225.jpg 300w, http:\/\/erlebnis-team.com\/wp-content\/uploads\/2013\/08\/FILE0019-1024x768.jpg 1024w, http:\/\/erlebnis-team.com\/wp-content\/uploads\/2013\/08\/FILE0019-400x300.jpg 400w, http:\/\/erlebnis-team.com\/wp-content\/uploads\/2013\/08\/FILE0019.jpg 2048w\" sizes=\"(max-width: 300px) 100vw, 300px\" \/><\/a><a href=\"http:\/\/erlebnis-team.com\/wp-content\/uploads\/2013\/08\/BILD0896.jpg\"><img decoding=\"async\" loading=\"lazy\" class=\"alignnone wp-image-194\" src=\"http:\/\/erlebnis-team.com\/wp-content\/uploads\/2013\/08\/BILD0896-225x300.jpg\" alt=\"DIGITAL CAMERA\" width=\"169\" height=\"222\" \/><\/a><\/p>\n<p>Bei unsren Kinderveranstaltungen geht es raus in die Natur. Kinder verbinden mit unseren Angeboten Natur mit Spa\u00df und erleben sich und Ihre Freunde in einer neuen, erlebnisreichen Umgebung. Gemeinsam gemachte Erfahrungen, wie z.B. das gesicherte Klettern, oder das gemeinsame Bauen eines Flo\u00dfes, st\u00e4rken Teamgeist und Pers\u00f6nlichkeit. In unserem Angebot finden Sie drei verschiedene Programme aus denen Sie w\u00e4hlen k\u00f6nnen.<\/p>\n<p>&nbsp;<\/p>\n<p><a href=\"http:\/\/erlebnis-team.com\/wp-content\/uploads\/2013\/08\/FILE0010.jpg\"><img decoding=\"async\" loading=\"lazy\" class=\"alignnone size-medium wp-image-235\" src=\"http:\/\/erlebnis-team.com\/wp-content\/uploads\/2013\/08\/FILE0010-225x300.jpg\" alt=\"DCIM100MEDIA\" width=\"189\" height=\"249\" \/><\/a> <a href=\"http:\/\/erlebnis-team.com\/wp-content\/uploads\/2013\/08\/FILE0021.jpg\"><img decoding=\"async\" loading=\"lazy\" class=\"alignnone size-medium wp-image-236\" src=\"http:\/\/erlebnis-team.com\/wp-content\/uploads\/2013\/08\/FILE0021-300x225.jpg\" alt=\"DCIM100MEDIA\" width=\"344\" height=\"262\" \/><\/a><\/p>\n<ul>\n<li><span style=\"color: #800000;\">Kletterabenteuer<\/span><\/li>\n<\/ul>\n<p>Beim Kletterabenteuer gibt es zun\u00e4chst eine kurze Einf\u00fchrung ins Klettern. Danach d\u00fcrfen sich die Kinder in verschiedenen Seiltechniken und auf der Slackline ausprobieren. Im Anschluss und als Highlight, sichern sich die Kinder gegenseitig und holen die Geschenke f\u00fcr das Geburtstagskind und nat\u00fcrlich auch eine Kleinigkeit f\u00fcr alle Kinder aus dem Geschenkebaum.<\/p>\n<p>Anzahl der Kinder:12 Kinder (jedes weiter Kind 8\u20ac)<\/p>\n<p>Dauer der Veranstalltung: 3 Std.<\/p>\n<p><span style=\"color: #ff9900;\">Kosten: 150,-\u20ac<\/span><\/p>\n<p>&nbsp;<\/p>\n<p>&nbsp;<\/p>\n<p><a href=\"http:\/\/erlebnis-team.com\/wp-content\/uploads\/2013\/08\/FILE0083.jpg\"><img decoding=\"async\" loading=\"lazy\" class=\"alignnone size-medium wp-image-232\" src=\"http:\/\/erlebnis-team.com\/wp-content\/uploads\/2013\/08\/FILE0083-225x300.jpg\" alt=\"DCIM100MEDIA\" width=\"188\" height=\"245\" \/><\/a><a href=\"http:\/\/erlebnis-team.com\/wp-content\/uploads\/2013\/08\/FILE0089.jpg\"><img decoding=\"async\" loading=\"lazy\" class=\"alignnone size-medium wp-image-233\" src=\"http:\/\/erlebnis-team.com\/wp-content\/uploads\/2013\/08\/FILE0089-300x225.jpg\" alt=\"DCIM100MEDIA\" width=\"339\" height=\"257\" \/><\/a><\/p>\n<ul>\n<li><span style=\"color: #800000;\">Flo\u00dfbau<\/span><\/li>\n<\/ul>\n<p>Beim Flo\u00dfbau ist Teamgeist gefragt! Aus verschiedenen Materialien m\u00fcssen die Kinder ein tragf\u00e4higes Flo\u00df bauen, mit dem sie anschlie\u00dfend den gesamten Aasee \u00fcberqueren. Die Mithilfe von Erwachsenen ist gew\u00fcnscht, aber nicht zwingend notwendig. F\u00fcr die Sicherheit der Kinder gibt es f\u00fcr jeden Teilnehmer eine Rettungsweste.<\/p>\n<p>Alter der Kinder: ab 8 Jahre.<\/p>\n<p>Bedingung ist das alle Kinder schwimmen k\u00f6nnen!<\/p>\n<p>Anzahl der Kinder max. 10 Kinder pro Flo\u00df<\/p>\n<p>Dauer der Veranstalltung:ca. 2-2,5 Std.<\/p>\n<p><span style=\"color: #ff9900;\">Kosten: 150,-\u20ac<\/span><\/p>\n<p>&nbsp;<\/p>\n","protected":false},"excerpt":{"rendered":"<p>&nbsp; Kindergeburtstage Bei unsren Kinderveranstaltungen geht es raus in die Natur. Kinder verbinden mit unseren Angeboten Natur mit Spa\u00df und erleben sich und Ihre Freunde in einer neuen, erlebnisreichen Umgebung. Gemeinsam gemachte Erfahrungen, wie z.B. das gesicherte Klettern, oder das gemeinsame Bauen eines Flo\u00dfes, st\u00e4rken Teamgeist und Pers\u00f6nlichkeit. In unserem &#8230;<\/p>\n","protected":false},"author":2,"featured_media":0,"parent":0,"menu_order":0,"comment_status":"closed","ping_status":"closed","template":"","meta":[],"_links":{"self":[{"href":"http:\/\/erlebnis-team.com\/index.php?rest_route=\/wp\/v2\/pages\/141"}],"collection":[{"href":"http:\/\/erlebnis-team.com\/index.php?rest_route=\/wp\/v2\/pages"}],"about":[{"href":"http:\/\/erlebnis-team.com\/index.php?rest_route=\/wp\/v2\/types\/page"}],"author":[{"embeddable":true,"href":"http:\/\/erlebnis-team.com\/index.php?rest_route=\/wp\/v2\/users\/2"}],"replies":[{"embeddable":true,"href":"http:\/\/erlebnis-team.com\/index.php?rest_route=%2Fwp%2Fv2%2Fcomments&post=141"}],"version-history":[{"count":27,"href":"http:\/\/erlebnis-team.com\/index.php?rest_route=\/wp\/v2\/pages\/141\/revisions"}],"predecessor-version":[{"id":300,"href":"http:\/\/erlebnis-team.com\/index.php?rest_route=\/wp\/v2\/pages\/141\/revisions\/300"}],"wp:attachment":[{"href":"http:\/\/erlebnis-team.com\/index.php?rest_route=%2Fwp%2Fv2%2Fmedia&parent=141"}],"curies":[{"name":"wp","href":"https:\/\/api.w.org\/{rel}","templated":true}]}}