{"id":135,"date":"2013-08-18T13:40:25","date_gmt":"2013-08-18T11:40:25","guid":{"rendered":"http:\/\/erlebnis-team.com\/?page_id=135"},"modified":"2016-05-24T16:03:35","modified_gmt":"2016-05-24T14:03:35","slug":"teambuilding","status":"publish","type":"page","link":"http:\/\/erlebnis-team.com\/?page_id=135","title":{"rendered":"Gruppen Events"},"content":{"rendered":"<p><a href=\"http:\/\/erlebnis-team.com\/wp-content\/uploads\/2013\/08\/P1010112.jpg\"><img decoding=\"async\" loading=\"lazy\" class=\"size-medium wp-image-167 alignnone\" src=\"http:\/\/erlebnis-team.com\/wp-content\/uploads\/2013\/08\/P1010112-300x225.jpg\" alt=\"P1010112\" width=\"300\" height=\"225\" srcset=\"http:\/\/erlebnis-team.com\/wp-content\/uploads\/2013\/08\/P1010112-300x225.jpg 300w, http:\/\/erlebnis-team.com\/wp-content\/uploads\/2013\/08\/P1010112-1024x768.jpg 1024w, http:\/\/erlebnis-team.com\/wp-content\/uploads\/2013\/08\/P1010112-400x300.jpg 400w\" sizes=\"(max-width: 300px) 100vw, 300px\" \/><\/a><a href=\"http:\/\/erlebnis-team.com\/wp-content\/uploads\/2013\/06\/IMG_0828.jpg\" rel=\"attachment wp-att-129\"><img decoding=\"async\" loading=\"lazy\" class=\"size-medium wp-image-129 alignright\" src=\"http:\/\/erlebnis-team.com\/wp-content\/uploads\/2013\/06\/IMG_0828-300x224.jpg\" alt=\"IMG_0828\" width=\"300\" height=\"224\" srcset=\"http:\/\/erlebnis-team.com\/wp-content\/uploads\/2013\/06\/IMG_0828-300x224.jpg 300w, http:\/\/erlebnis-team.com\/wp-content\/uploads\/2013\/06\/IMG_0828-1024x764.jpg 1024w, http:\/\/erlebnis-team.com\/wp-content\/uploads\/2013\/06\/IMG_0828-401x300.jpg 401w\" sizes=\"(max-width: 300px) 100vw, 300px\" \/><\/a><\/p>\n<p>Sie m\u00f6chten mit Ihrer Schulklasse, Familie, Nachbarschaft, Kegelclub, Arbeitskollegen oder Stammtisch mal was anderes machen?<\/p>\n<p>Wie w\u00e4re es denn, mal mit einer Aktion im Wald?<\/p>\n<p>Egal was sie m\u00f6chten,<\/p>\n<p>Probleml\u00f6sungsaufgaben bestehen<\/p>\n<p>in B\u00e4ume klettern (nat\u00fcrlich mit Sicherung)<a href=\"http:\/\/erlebnis-team.com\/wp-content\/uploads\/2013\/06\/P1040480.jpg\" rel=\"attachment wp-att-86\"><img decoding=\"async\" loading=\"lazy\" class=\"wp-image-86 alignright\" src=\"http:\/\/erlebnis-team.com\/wp-content\/uploads\/2013\/06\/P1040480-225x300.jpg\" alt=\"P1040480\" width=\"195\" height=\"256\" \/><\/a><\/p>\n<p>Slacklinen<\/p>\n<p>Bogenschie\u00dfen<\/p>\n<p>ein Flo\u00dfbauen und damit \u00fcber den Aasee fahren<\/p>\n<p>Kistenklettern<\/p>\n<p>oder einfach nur ein bisschen Spa\u00df haben.<\/p>\n<p>&nbsp;<\/p>\n<p>Dann Vereinbaren Sie doch einen Termin!<\/p>\n<p>&nbsp;<\/p>\n","protected":false},"excerpt":{"rendered":"<p>Sie m\u00f6chten mit Ihrer Schulklasse, Familie, Nachbarschaft, Kegelclub, Arbeitskollegen oder Stammtisch mal was anderes machen? Wie w\u00e4re es denn, mal mit einer Aktion im Wald? Egal was sie m\u00f6chten, Probleml\u00f6sungsaufgaben bestehen in B\u00e4ume klettern (nat\u00fcrlich mit Sicherung) Slacklinen Bogenschie\u00dfen ein Flo\u00dfbauen und damit \u00fcber den Aasee fahren Kistenklettern oder einfach &#8230;<\/p>\n","protected":false},"author":2,"featured_media":0,"parent":0,"menu_order":0,"comment_status":"closed","ping_status":"closed","template":"","meta":[],"_links":{"self":[{"href":"http:\/\/erlebnis-team.com\/index.php?rest_route=\/wp\/v2\/pages\/135"}],"collection":[{"href":"http:\/\/erlebnis-team.com\/index.php?rest_route=\/wp\/v2\/pages"}],"about":[{"href":"http:\/\/erlebnis-team.com\/index.php?rest_route=\/wp\/v2\/types\/page"}],"author":[{"embeddable":true,"href":"http:\/\/erlebnis-team.com\/index.php?rest_route=\/wp\/v2\/users\/2"}],"replies":[{"embeddable":true,"href":"http:\/\/erlebnis-team.com\/index.php?rest_route=%2Fwp%2Fv2%2Fcomments&post=135"}],"version-history":[{"count":7,"href":"http:\/\/erlebnis-team.com\/index.php?rest_route=\/wp\/v2\/pages\/135\/revisions"}],"predecessor-version":[{"id":287,"href":"http:\/\/erlebnis-team.com\/index.php?rest_route=\/wp\/v2\/pages\/135\/revisions\/287"}],"wp:attachment":[{"href":"http:\/\/erlebnis-team.com\/index.php?rest_route=%2Fwp%2Fv2%2Fmedia&parent=135"}],"curies":[{"name":"wp","href":"https:\/\/api.w.org\/{rel}","templated":true}]}}